{"id":339,"date":"2025-09-19T01:05:15","date_gmt":"2025-09-19T01:05:15","guid":{"rendered":"https:\/\/ideaseficaces.mx\/?page_id=339"},"modified":"2025-10-31T17:36:00","modified_gmt":"2025-10-31T17:36:00","slug":"quienes-somos","status":"publish","type":"page","link":"https:\/\/ideaseficaces.mx\/?page_id=339","title":{"rendered":"Quienes Somos"},"content":{"rendered":"<div  data-label=\"About\" data-id=\"about--1\" data-export-id=\"about-image-text\" data-category=\"about\" class=\"about-image-text content-section content-section-spacing\" id=\"about-1\" style=\"background-color: rgb(255, 255, 255);\"><div  class=\"gridContainer\"> <div  class=\"row\"><div  class=\"col-sm-6 flexbox-strech center-xs middle-xs no-gutter-col\"> <div  class=\"shadow-large overlap-right-large flexbox middle-xs center-xs left-img\" data-bg=\"image\" style=\"background-image: url(&quot;https:\/\/ideaseficaces.mx\/wp-content\/uploads\/2025\/09\/2650535913.jpg&quot;);\"><\/div><\/div> <div  class=\"col-sm-6 space-bottom-xs col-padding-small-xs col-sm-padding-large bg-color5 white-text content-col\" data-type=\"column\"><h5  class=\"\">Sobre nosotros<\/h5> <h2  class=\"\">Somos una empresa l\u00edder en el mercado de art\u00edculos promocionales<\/h2> <p  class=\"\">Nuestra empresa fue fundada en&#8230;<\/p><img  decoding=\"async\" class=\"custom-image\" src=\"https:\/\/ideaseficaces.mx\/wp-content\/uploads\/2025\/09\/IMG_2047.png\" title=\"IMG_2047\" alt=\"\"><\/div> <\/div><\/div> <\/div><div data-label=\"Overlappable\" data-id=\"overlappable--1\" data-export-id=\"overlappable-1\" data-category=\"overlappable\" class=\"overlappable-1 content-section content-section-spacing\" data-overlap=\"true\" id=\"overlappable-1\"  style=\"background-color: rgb(255, 255, 255);\"><div class=\"gridContainer\" > <div data-type=\"row\" class=\"row shadow-medium\" ><div data-type=\"column\" class=\"col-xs-12 col-sm-4 flexcol bg-color-white col-padding col-padding-small-xs\" >  <h5 class=\"\" >MISI\u00d3N<\/h5> <p class=\"\" >Ser el socio estrat\u00e9gico de nuestros clientes, dise\u00f1ando y entregando soluciones creativas en art\u00edculos promocionales que fortalezcan su identidad de marca y generen un impacto memorable en sus p\u00fablicos objetivos.<\/p> <\/div> <div data-type=\"column\" class=\"col-xs-12 col-sm-4 flexcol bg-color2 col-padding col-padding-small-xs inverted\" > <h5 class=\"inverted\" >VISI\u00d3N<\/h5> <p class=\"\" >Ser la empresa de art\u00edculos promocionales de referencia a nivel nacional, reconocida por la innovaci\u00f3n, la calidad y la excelencia en el servicio, y por ser un impulsor clave en el \u00e9xito de las campa\u00f1as de marketing de nuestros clientes.<\/p> <\/div> <div data-type=\"column\" class=\"col-xs-12 col-sm-4 flexcol bg-color6 col-padding col-padding-small-xs inverted\" > <h5 class=\"inverted\" ><span style=\"color: rgb(33, 33, 33);\" >VALORES<\/span><\/h5> <p class=\"\" ><span style=\"color: rgb(33, 33, 33);\" ><b >Innovaci\u00f3n:<\/b> Buscamos constantemente nuevas y creativas ideas para los productos promocionales.\n<\/span><br ><br ><span style=\"color: rgb(33, 33, 33);\" ><b >\nCalidad:<\/b> Nos comprometemos a ofrecer productos de alta calidad que reflejen el prestigio de nuestros clientes.\n<\/span><br ><br ><span style=\"color: rgb(33, 33, 33);\" ><b >\nOrientaci\u00f3n al cliente:<\/b> Nos enfocamos en comprender y superar las expectativas de nuestros clientes, trabajando como un equipo para alcanzar sus objetivos.\n<\/span><br ><br ><span style=\"color: rgb(33, 33, 33);\" ><b >\nIntegridad:<\/b> Operamos con honestidad, transparencia y \u00e9tica en todas nuestras interacciones.\n<\/span><br ><br ><span style=\"color: rgb(33, 33, 33);\" ><b >\nResponsabilidad:<\/b> Nos hacemos cargo de nuestros compromisos y garantizamos la satisfacci\u00f3n del cliente.<\/span><\/p> <\/div> <\/div><\/div> <\/div>","protected":false},"excerpt":{"rendered":"<p>Sobre nosotros Somos una empresa l\u00edder en el mercado de art\u00edculos promocionales Nuestra empresa fue fundada en&#8230; MISI\u00d3N Ser el socio estrat\u00e9gico de nuestros clientes, dise\u00f1ando y entregando soluciones creativas en art\u00edculos promocionales que fortalezcan su identidad de marca y generen un impacto memorable en sus p\u00fablicos objetivos. VISI\u00d3N Ser la empresa de art\u00edculos promocionales&hellip; <br \/> <a class=\"read-more\" href=\"https:\/\/ideaseficaces.mx\/?page_id=339\">Read more<\/a><\/p>\n","protected":false},"author":1,"featured_media":0,"parent":0,"menu_order":0,"comment_status":"closed","ping_status":"closed","template":"pro\/page-templates\/full-width-page.php","meta":{"footnotes":""},"class_list":["post-339","page","type-page","status-publish","hentry"],"jetpack_sharing_enabled":true,"_links":{"self":[{"href":"https:\/\/ideaseficaces.mx\/index.php?rest_route=\/wp\/v2\/pages\/339","targetHints":{"allow":["GET"]}}],"collection":[{"href":"https:\/\/ideaseficaces.mx\/index.php?rest_route=\/wp\/v2\/pages"}],"about":[{"href":"https:\/\/ideaseficaces.mx\/index.php?rest_route=\/wp\/v2\/types\/page"}],"author":[{"embeddable":true,"href":"https:\/\/ideaseficaces.mx\/index.php?rest_route=\/wp\/v2\/users\/1"}],"replies":[{"embeddable":true,"href":"https:\/\/ideaseficaces.mx\/index.php?rest_route=%2Fwp%2Fv2%2Fcomments&post=339"}],"version-history":[{"count":10,"href":"https:\/\/ideaseficaces.mx\/index.php?rest_route=\/wp\/v2\/pages\/339\/revisions"}],"predecessor-version":[{"id":1522,"href":"https:\/\/ideaseficaces.mx\/index.php?rest_route=\/wp\/v2\/pages\/339\/revisions\/1522"}],"wp:attachment":[{"href":"https:\/\/ideaseficaces.mx\/index.php?rest_route=%2Fwp%2Fv2%2Fmedia&parent=339"}],"curies":[{"name":"wp","href":"https:\/\/api.w.org\/{rel}","templated":true}]}}